{"id":875,"date":"2024-09-02T23:11:53","date_gmt":"2024-09-02T23:11:53","guid":{"rendered":"https:\/\/martabravo.net\/politica-de-cookies\/"},"modified":"2024-09-24T18:00:14","modified_gmt":"2024-09-24T18:00:14","slug":"politica-de-cookies","status":"publish","type":"page","link":"https:\/\/martabravo.net\/en\/politica-de-cookies\/","title":{"rendered":"Cookies Policy"},"content":{"rendered":"<div data-elementor-type=\"wp-page\" data-elementor-id=\"875\" class=\"elementor elementor-875\" data-elementor-post-type=\"page\">\n\t\t\t\t<div class=\"elementor-element elementor-element-3ba4d951 e-flex e-con-boxed e-con e-parent\" data-id=\"3ba4d951\" data-element_type=\"container\" data-e-type=\"container\">\n\t\t\t\t\t<div class=\"e-con-inner\">\n\t\t\t\t<div class=\"elementor-element elementor-element-098b7e5 elementor-widget elementor-widget-text-editor\" data-id=\"098b7e5\" data-element_type=\"widget\" data-e-type=\"widget\" data-widget_type=\"text-editor.default\">\n\t\t\t\t<div class=\"elementor-widget-container\">\n\t\t\t\t\t\t\t\t\t<h1>Cookies Policy<\/h1><p>A <em>cookie<\/em> is a small text file that is stored in your browser when you visit almost any web page. Its usefulness is that the web is able to remember your visit when you return to browse that page. The <em>cookies<\/em> usually store information of a technical nature, personal preferences, personalization of content, usage statistics, links to social networks, access to user accounts, etc The objective of the <em>cookie<\/em> is to adapt the web content to their profile and needs, without <em>cookies<\/em> the services offered by any page be diminished significantly. If you wish to consult more information about what are the <em>cookies<\/em>, what to store, how to eliminate them, deactivate them, etc, <a href=\"https:\/\/martabravo.net\/en\/mas-informacion-sobre-las-cookies\/\">please refer to this link.<\/a><\/p><h2>Cookies used on this website<\/h2><p>Following the guidelines of the Spanish Agency for Data Protection we proceed to detail the use of <em>cookies<\/em> that makes this website in order to inform you with the best possible accuracy.<\/p><p>This website uses the following <strong>first-party cookies<\/strong>:<\/p><ul><li>Session Cookies, to ensure that users who write comments on the blog are human and not automated applications. This is to combat the <em>spam<\/em>.<\/li><\/ul><p>This website uses the following <strong>third party cookies<\/strong>:<\/p><ul><li>Google Analytics: Stores <em>cookies<\/em> to be able to compile statistics on traffic and volume of visits of this website. By using this website, you are consenting to the processing of data about you by Google. Therefore, the exercise of any right in this sense must do so by communicating directly with Google.<\/li><li>Social networks: Each social network uses its own <em>cookies<\/em> for that you can click on buttons type <em>I like it<\/em> or <em>Share<\/em>.<\/li><\/ul><h2>Deactivation or elimination of cookies<\/h2><p>At any time you may exercise your right of deactivation or elimination of cookies on this website. These actions are performed differently depending on the browser you are using. <a href=\"https:\/\/martabravo.net\/en\/mas-informacion-sobre-las-cookies\/#navegadores\">Here we let a quick guide for the most popular browsers<\/a>.<\/p><h2>Additional notes<\/h2><ul><li>Neither this website nor its legal representatives are responsible for their content or the veracity of the privacy policies that may have the third parties mentioned in this policy <em>cookies<\/em>.<\/li><li>Web browsers are the tools in charge of storing the <em>cookies<\/em> and from this place should carry their right to removal or disabling them. Neither this website nor its legal representatives can guarantee the correct or incorrect handling of the <em>cookies<\/em> by the mentioned browsers.<\/li><li>In some cases it is necessary to install <em>cookies<\/em> so that the browser does not forget its decision of not accepting them.<\/li><li>In the case of the <em>cookies<\/em> Google Analytics, this company stores <em>cookies<\/em> on servers located in the united States and undertakes not to share it with third parties, except in the cases in which it is necessary for the operation of the system or when the law obliges to that effect. According to Google does not save your IP address. Google Inc. it is a company adhering to the Safe Harbor Agreement that guarantees that all transferred data will be treated with a level of protection according to the european regulations. You can consult detailed information in this regard <a href=\"http:\/\/safeharbor.export.gov\/companyinfo.aspx?id=16626\" target=\"_blank\" rel=\"noopener\">in this link<\/a>. If you want information about the use that Google gives to cookies <a href=\"https:\/\/developers.google.com\/analytics\/devguides\/collection\/analyticsjs\/cookie-usage?hl=es&amp;csw=1\" target=\"_blank\" rel=\"noopener\">we enclose this other link<\/a>.<\/li><li>For any doubt or query about this policy <em>cookies<\/em> do not hesitate to contact us through the contact section.<\/li><\/ul>\t\t\t\t\t\t\t\t<\/div>\n\t\t\t\t<\/div>\n\t\t\t\t\t<\/div>\n\t\t\t\t<\/div>\n\t\t\t\t<\/div>","protected":false},"excerpt":{"rendered":"<p>Pol\u00edtica de cookies Una cookie es un peque\u00f1o fichero de texto que se almacena en su navegador cuando visita casi cualquier p\u00e1gina web. Su utilidad es que la web sea capaz de recordar su visita cuando vuelva a navegar por esa p\u00e1gina. Las cookies suelen almacenar informaci\u00f3n de car\u00e1cter t\u00e9cnico, preferencias personales, personalizaci\u00f3n de contenidos, [&hellip;]<\/p>\n","protected":false},"author":1,"featured_media":0,"parent":0,"menu_order":0,"comment_status":"closed","ping_status":"closed","template":"","meta":{"footnotes":""},"class_list":["post-875","page","type-page","status-publish","hentry"],"_links":{"self":[{"href":"https:\/\/martabravo.net\/en\/wp-json\/wp\/v2\/pages\/875","targetHints":{"allow":["GET"]}}],"collection":[{"href":"https:\/\/martabravo.net\/en\/wp-json\/wp\/v2\/pages"}],"about":[{"href":"https:\/\/martabravo.net\/en\/wp-json\/wp\/v2\/types\/page"}],"author":[{"embeddable":true,"href":"https:\/\/martabravo.net\/en\/wp-json\/wp\/v2\/users\/1"}],"replies":[{"embeddable":true,"href":"https:\/\/martabravo.net\/en\/wp-json\/wp\/v2\/comments?post=875"}],"version-history":[{"count":3,"href":"https:\/\/martabravo.net\/en\/wp-json\/wp\/v2\/pages\/875\/revisions"}],"predecessor-version":[{"id":1251,"href":"https:\/\/martabravo.net\/en\/wp-json\/wp\/v2\/pages\/875\/revisions\/1251"}],"wp:attachment":[{"href":"https:\/\/martabravo.net\/en\/wp-json\/wp\/v2\/media?parent=875"}],"curies":[{"name":"wp","href":"https:\/\/api.w.org\/{rel}","templated":true}]}}